{"id":1326,"date":"2025-05-14T08:41:43","date_gmt":"2025-05-14T07:41:43","guid":{"rendered":"https:\/\/www.spantour.com\/?page_id=1326"},"modified":"2025-07-02T11:09:47","modified_gmt":"2025-07-02T10:09:47","slug":"aviso-legal","status":"publish","type":"page","link":"https:\/\/www.spantour.com\/es\/aviso-legal","title":{"rendered":"Aviso legal"},"content":{"rendered":"\t\t<div data-elementor-type=\"wp-page\" data-elementor-id=\"1326\" class=\"elementor elementor-1326\" data-elementor-post-type=\"page\">\n\t\t\t\t<div class=\"elementor-element elementor-element-6387052 e-flex e-con-boxed e-con e-parent\" data-id=\"6387052\" data-element_type=\"container\">\n\t\t\t\t\t<div class=\"e-con-inner\">\n\t\t\t\t<div class=\"elementor-element elementor-element-9d65371 elementor-widget elementor-widget-heading\" data-id=\"9d65371\" data-element_type=\"widget\" data-widget_type=\"heading.default\">\n\t\t\t\t<div class=\"elementor-widget-container\">\n\t\t\t\t\t<h1 class=\"elementor-heading-title elementor-size-default\">Aviso legal<\/h1>\t\t\t\t<\/div>\n\t\t\t\t<\/div>\n\t\t\t\t<div class=\"elementor-element elementor-element-e9c8657 elementor-widget elementor-widget-text-editor\" data-id=\"e9c8657\" data-element_type=\"widget\" data-widget_type=\"text-editor.default\">\n\t\t\t\t<div class=\"elementor-widget-container\">\n\t\t\t\t\t\t\t\t\t<p><strong>1. Informaci\u00f3n general<\/strong><br \/>En cumplimiento con el deber de informaci\u00f3n recogido en el art\u00edculo 10 de la Ley 34\/2002, de 11 de julio, de Servicios de la Sociedad de la Informaci\u00f3n y del Comercio Electr\u00f3nico, se exponen a continuaci\u00f3n los datos identificativos de la empresa titular del sitio web:<\/p><p>Titular: MOHAMED MOUAZ EL HADJ SAID BELKACEM<\/p><p>Nombre comercial: SPANTOUR<\/p><p>NIF: 74089843N<\/p><p>Domicilio fiscal: Calle Azor\u00edn 1, Churriana de la Vega, Granada, Espa\u00f1a<\/p><p>Tel\u00e9fono de contacto: 634 856 365<\/p><p>Correo electr\u00f3nico: spantourguide@gmail.com<\/p><p>Horario de atenci\u00f3n: De 7:00 a 20:00<\/p><p>Sitio web: www.spantour.com<\/p><p><strong>2. Objeto<\/strong><br \/>El presente sitio web tiene como finalidad ofrecer informaci\u00f3n y servicios relacionados con el turismo guiado en Granada, incluyendo visitas e informaci\u00f3n sobre la Alhambra, Generalife, Albaic\u00edn, y otros puntos de inter\u00e9s cultural e hist\u00f3rico de la ciudad.<\/p><p><strong>3. Condiciones de uso<\/strong><br \/>El acceso y uso del sitio web atribuye la condici\u00f3n de usuario, e implica la aceptaci\u00f3n plena y sin reservas de todas las disposiciones incluidas en este Aviso Legal, en la versi\u00f3n publicada en el momento en que el usuario acceda al mismo.<\/p><p>El usuario se compromete a hacer un uso adecuado del sitio web, con sujeci\u00f3n a las leyes, la buena fe, el orden p\u00fablico, los usos del tr\u00e1fico y el presente Aviso Legal. El usuario responder\u00e1 frente a SPANTOUR o frente a terceros de cualesquiera da\u00f1os y perjuicios que pudieran causarse como consecuencia del incumplimiento de dicha obligaci\u00f3n.<\/p><p><strong>4. Propiedad intelectual e industrial<\/strong><br \/>Todos los contenidos del sitio web (textos, im\u00e1genes, v\u00eddeos, logotipos, dise\u00f1o, c\u00f3digo fuente, etc.) son propiedad de SPANTOUR o de terceros que han autorizado su uso, y est\u00e1n protegidos por la legislaci\u00f3n vigente sobre propiedad intelectual e industrial.<\/p><p>Queda prohibida su reproducci\u00f3n, distribuci\u00f3n, transformaci\u00f3n o cualquier otra forma de explotaci\u00f3n no autorizada expresamente por el titular.<\/p><p><strong>5. Enlaces<\/strong><br \/>Este sitio web puede incluir enlaces a sitios de terceros. SPANTOUR no se responsabiliza del contenido de las p\u00e1ginas externas enlazadas, ni garantiza su disponibilidad t\u00e9cnica, exactitud o veracidad.<\/p><p><strong>6. Responsabilidad<\/strong><br \/>SPANTOUR no se responsabiliza de los da\u00f1os y perjuicios que pudieran derivarse del uso del sitio web o de la informaci\u00f3n que contiene, as\u00ed como de la interrupci\u00f3n del servicio o la disponibilidad del sitio por causas t\u00e9cnicas o ajenas a la empresa.<\/p><p><strong>7. Protecci\u00f3n de datos<\/strong><br \/>SPANTOUR cumple con la normativa vigente en materia de protecci\u00f3n de datos personales, de conformidad con el Reglamento (UE) 2016\/679 (RGPD) y la Ley Org\u00e1nica 3\/2018 (LOPDGDD). Puedes consultar m\u00e1s informaci\u00f3n en nuestra Pol\u00edtica de Privacidad.<\/p><p><strong>8. Legislaci\u00f3n aplicable y jurisdicci\u00f3n<\/strong><br \/>La relaci\u00f3n entre el usuario y el titular se regir\u00e1 por la normativa espa\u00f1ola vigente, y cualquier controversia se someter\u00e1 a los Juzgados y Tribunales de Granada.<\/p>\t\t\t\t\t\t\t\t<\/div>\n\t\t\t\t<\/div>\n\t\t\t\t\t<\/div>\n\t\t\t\t<\/div>\n\t\t\t\t<\/div>\n\t\t","protected":false},"excerpt":{"rendered":"<p>Aviso legal 1. Informaci\u00f3n generalEn cumplimiento con el deber de informaci\u00f3n recogido en el art\u00edculo 10 de la Ley 34\/2002, de 11 de julio, de Servicios de la Sociedad de la Informaci\u00f3n y del Comercio Electr\u00f3nico, se exponen a continuaci\u00f3n los datos identificativos de la empresa titular del sitio web: Titular: MOHAMED MOUAZ EL HADJ [&hellip;]<\/p>\n","protected":false},"author":2,"featured_media":0,"parent":0,"menu_order":0,"comment_status":"closed","ping_status":"closed","template":"","meta":{"_joinchat":[],"footnotes":""},"class_list":["post-1326","page","type-page","status-publish","hentry"],"_links":{"self":[{"href":"https:\/\/www.spantour.com\/es\/wp-json\/wp\/v2\/pages\/1326","targetHints":{"allow":["GET"]}}],"collection":[{"href":"https:\/\/www.spantour.com\/es\/wp-json\/wp\/v2\/pages"}],"about":[{"href":"https:\/\/www.spantour.com\/es\/wp-json\/wp\/v2\/types\/page"}],"author":[{"embeddable":true,"href":"https:\/\/www.spantour.com\/es\/wp-json\/wp\/v2\/users\/2"}],"replies":[{"embeddable":true,"href":"https:\/\/www.spantour.com\/es\/wp-json\/wp\/v2\/comments?post=1326"}],"version-history":[{"count":13,"href":"https:\/\/www.spantour.com\/es\/wp-json\/wp\/v2\/pages\/1326\/revisions"}],"predecessor-version":[{"id":2108,"href":"https:\/\/www.spantour.com\/es\/wp-json\/wp\/v2\/pages\/1326\/revisions\/2108"}],"wp:attachment":[{"href":"https:\/\/www.spantour.com\/es\/wp-json\/wp\/v2\/media?parent=1326"}],"curies":[{"name":"wp","href":"https:\/\/api.w.org\/{rel}","templated":true}]}}