{"id":556,"date":"2025-04-25T09:27:39","date_gmt":"2025-04-25T08:27:39","guid":{"rendered":"https:\/\/www.spantour.com\/?page_id=556"},"modified":"2025-07-04T10:44:49","modified_gmt":"2025-07-04T09:44:49","slug":"guia-turistico-granada","status":"publish","type":"page","link":"https:\/\/www.spantour.com\/es\/guia-turistico-granada","title":{"rendered":"Gu\u00eda Tur\u00edstico Granada"},"content":{"rendered":"\t\t<div data-elementor-type=\"wp-page\" data-elementor-id=\"556\" class=\"elementor elementor-556\" data-elementor-post-type=\"page\">\n\t\t\t\t<div class=\"elementor-element elementor-element-d4be425 e-flex e-con-boxed e-con e-parent\" data-id=\"d4be425\" data-element_type=\"container\" data-settings=\"{&quot;background_background&quot;:&quot;classic&quot;}\">\n\t\t\t\t\t<div class=\"e-con-inner\">\n\t\t<div class=\"elementor-element elementor-element-5b2c2ac e-con-full e-flex e-con e-child\" data-id=\"5b2c2ac\" data-element_type=\"container\">\n\t\t\t\t<div class=\"elementor-element elementor-element-64dbeed elementor-widget elementor-widget-heading\" data-id=\"64dbeed\" data-element_type=\"widget\" data-widget_type=\"heading.default\">\n\t\t\t\t<div class=\"elementor-widget-container\">\n\t\t\t\t\t<h1 class=\"elementor-heading-title elementor-size-default\">Tu gu\u00eda tur\u00edstico en Granada<\/h1>\t\t\t\t<\/div>\n\t\t\t\t<\/div>\n\t\t\t\t<div class=\"elementor-element elementor-element-e5cf9a5 elementor-widget elementor-widget-heading\" data-id=\"e5cf9a5\" data-element_type=\"widget\" data-widget_type=\"heading.default\">\n\t\t\t\t<div class=\"elementor-widget-container\">\n\t\t\t\t\t<h2 class=\"elementor-heading-title elementor-size-default\">Explora la Alhambra, el Generalife y el Albaic\u00edn con nuestro gu\u00eda tur\u00edstico en Granada<\/h2>\t\t\t\t<\/div>\n\t\t\t\t<\/div>\n\t\t\t\t<div class=\"elementor-element elementor-element-2d6569a elementor-widget elementor-widget-text-editor\" data-id=\"2d6569a\" data-element_type=\"widget\" data-widget_type=\"text-editor.default\">\n\t\t\t\t<div class=\"elementor-widget-container\">\n\t\t\t\t\t\t\t\t\t<p>En Spantour, te ofrecemos una experiencia \u00fanica y personalizada para descubrir la rica historia y cultura de Granada. Nuestro gu\u00eda oficial est\u00e1 altamente cualificado y apasionado por compartir el legado de nuestra ciudad.\u200b<\/p>\t\t\t\t\t\t\t\t<\/div>\n\t\t\t\t<\/div>\n\t\t\t\t<div class=\"elementor-element elementor-element-4359bc3 elementor-widget elementor-widget-button\" data-id=\"4359bc3\" data-element_type=\"widget\" data-widget_type=\"button.default\">\n\t\t\t\t<div class=\"elementor-widget-container\">\n\t\t\t\t\t\t\t\t\t<div class=\"elementor-button-wrapper\">\n\t\t\t\t\t<a class=\"elementor-button elementor-button-link elementor-size-sm\" href=\"\/es\/contacto\" title=\"Contacto\">\n\t\t\t\t\t\t<span class=\"elementor-button-content-wrapper\">\n\t\t\t\t\t\t\t\t\t<span class=\"elementor-button-text\">RESERVAR<\/span>\n\t\t\t\t\t<\/span>\n\t\t\t\t\t<\/a>\n\t\t\t\t<\/div>\n\t\t\t\t\t\t\t\t<\/div>\n\t\t\t\t<\/div>\n\t\t\t\t<\/div>\n\t\t<div class=\"elementor-element elementor-element-094b089 e-con-full elementor-hidden-mobile e-flex e-con e-child\" data-id=\"094b089\" data-element_type=\"container\" data-settings=\"{&quot;background_background&quot;:&quot;classic&quot;}\">\n\t\t\t\t<\/div>\n\t\t\t\t\t<\/div>\n\t\t\t\t<\/div>\n\t\t<div class=\"elementor-element elementor-element-f0c9888 e-flex e-con-boxed e-con e-parent\" data-id=\"f0c9888\" data-element_type=\"container\" data-settings=\"{&quot;background_background&quot;:&quot;classic&quot;}\">\n\t\t\t\t\t<div class=\"e-con-inner\">\n\t\t<div class=\"elementor-element elementor-element-61adbce e-con-full e-flex e-con e-child\" data-id=\"61adbce\" data-element_type=\"container\" data-settings=\"{&quot;background_background&quot;:&quot;classic&quot;}\">\n\t\t\t\t<\/div>\n\t\t<div class=\"elementor-element elementor-element-91b215a e-con-full e-flex e-con e-child\" data-id=\"91b215a\" data-element_type=\"container\">\n\t\t\t\t<div class=\"elementor-element elementor-element-2a76809 elementor-widget elementor-widget-heading\" data-id=\"2a76809\" data-element_type=\"widget\" data-widget_type=\"heading.default\">\n\t\t\t\t<div class=\"elementor-widget-container\">\n\t\t\t\t\t<h2 class=\"elementor-heading-title elementor-size-default\">La Alhambra de Granada: mi especialidad como gu\u00eda<\/h2>\t\t\t\t<\/div>\n\t\t\t\t<\/div>\n\t\t\t\t<div class=\"elementor-element elementor-element-ae95b82 elementor-widget elementor-widget-text-editor\" data-id=\"ae95b82\" data-element_type=\"widget\" data-widget_type=\"text-editor.default\">\n\t\t\t\t<div class=\"elementor-widget-container\">\n\t\t\t\t\t\t\t\t\t<p>Descubre la historia y los secretos de la <strong>Alhambra<\/strong> con un <strong>gu\u00eda<\/strong> <strong>profesional<\/strong> local. Con <strong>Spantour<\/strong>, conocer\u00e1s los <strong>Palacios Nazar\u00edes<\/strong>, la <strong>Alcazaba<\/strong> y otros rincones emblem\u00e1ticos de este monumento Patrimonio de la Humanidad. Nuestro gu\u00eda, <strong>experto<\/strong> en <strong>Arqueolog\u00eda<\/strong> y <strong>Turismo<\/strong>, te proporcionar\u00e1 una experiencia \u00fanica y personalizada.<\/p>\t\t\t\t\t\t\t\t<\/div>\n\t\t\t\t<\/div>\n\t\t\t\t<div class=\"elementor-element elementor-element-fb242fd elementor-button-warning elementor-align-left elementor-widget elementor-widget-button\" data-id=\"fb242fd\" data-element_type=\"widget\" data-widget_type=\"button.default\">\n\t\t\t\t<div class=\"elementor-widget-container\">\n\t\t\t\t\t\t\t\t\t<div class=\"elementor-button-wrapper\">\n\t\t\t\t\t<a class=\"elementor-button elementor-button-link elementor-size-sm\" href=\"\/es\/visita-guiada-alhambra\" title=\"Visita Guiada Alhambra\">\n\t\t\t\t\t\t<span class=\"elementor-button-content-wrapper\">\n\t\t\t\t\t\t\t\t\t<span class=\"elementor-button-text\">VISITA LA ALHAMBRA<\/span>\n\t\t\t\t\t<\/span>\n\t\t\t\t\t<\/a>\n\t\t\t\t<\/div>\n\t\t\t\t\t\t\t\t<\/div>\n\t\t\t\t<\/div>\n\t\t\t\t<\/div>\n\t\t\t\t\t<\/div>\n\t\t\t\t<\/div>\n\t\t<div class=\"elementor-element elementor-element-e1903e8 e-flex e-con-boxed e-con e-parent\" data-id=\"e1903e8\" data-element_type=\"container\" data-settings=\"{&quot;background_background&quot;:&quot;classic&quot;}\">\n\t\t\t\t\t<div class=\"e-con-inner\">\n\t\t<div class=\"elementor-element elementor-element-0691d9d e-con-full e-flex e-con e-child\" data-id=\"0691d9d\" data-element_type=\"container\" data-settings=\"{&quot;background_background&quot;:&quot;classic&quot;}\">\n\t\t\t\t<\/div>\n\t\t<div class=\"elementor-element elementor-element-4410934 e-con-full e-flex e-con e-child\" data-id=\"4410934\" data-element_type=\"container\">\n\t\t\t\t<div class=\"elementor-element elementor-element-a34ad7c elementor-widget elementor-widget-heading\" data-id=\"a34ad7c\" data-element_type=\"widget\" data-widget_type=\"heading.default\">\n\t\t\t\t<div class=\"elementor-widget-container\">\n\t\t\t\t\t<h2 class=\"elementor-heading-title elementor-size-default\">El Generalife explicado por un gu\u00eda experto<\/h2>\t\t\t\t<\/div>\n\t\t\t\t<\/div>\n\t\t\t\t<div class=\"elementor-element elementor-element-dff6d67 elementor-widget elementor-widget-text-editor\" data-id=\"dff6d67\" data-element_type=\"widget\" data-widget_type=\"text-editor.default\">\n\t\t\t\t<div class=\"elementor-widget-container\">\n\t\t\t\t\t\t\t\t\t<p>Descubre el <strong>Generalife<\/strong> y los <strong>jardines de verano<\/strong> de los sultanes, acompa\u00f1ados por un <strong>gu\u00eda local<\/strong>. Con <strong>Spantour<\/strong>, disfrutar\u00e1s de una visita tranquila y educativa, aprendiendo sobre la arquitectura, las fuentes y los paisajes que hacen de este lugar un para\u00edso andalus\u00ed.<\/p>\t\t\t\t\t\t\t\t<\/div>\n\t\t\t\t<\/div>\n\t\t\t\t<div class=\"elementor-element elementor-element-c6297fa elementor-button-warning elementor-widget elementor-widget-button\" data-id=\"c6297fa\" data-element_type=\"widget\" data-widget_type=\"button.default\">\n\t\t\t\t<div class=\"elementor-widget-container\">\n\t\t\t\t\t\t\t\t\t<div class=\"elementor-button-wrapper\">\n\t\t\t\t\t<a class=\"elementor-button elementor-button-link elementor-size-sm\" href=\"\/es\/visita-guiada-generalife\" title=\"Visita Guiada Generalife\">\n\t\t\t\t\t\t<span class=\"elementor-button-content-wrapper\">\n\t\t\t\t\t\t\t\t\t<span class=\"elementor-button-text\">VISITA EL GENERALIFE<\/span>\n\t\t\t\t\t<\/span>\n\t\t\t\t\t<\/a>\n\t\t\t\t<\/div>\n\t\t\t\t\t\t\t\t<\/div>\n\t\t\t\t<\/div>\n\t\t\t\t<\/div>\n\t\t\t\t\t<\/div>\n\t\t\t\t<\/div>\n\t\t<div class=\"elementor-element elementor-element-ed0c18f e-flex e-con-boxed e-con e-parent\" data-id=\"ed0c18f\" data-element_type=\"container\" data-settings=\"{&quot;background_background&quot;:&quot;classic&quot;}\">\n\t\t\t\t\t<div class=\"e-con-inner\">\n\t\t<div class=\"elementor-element elementor-element-8fa8987 e-con-full e-flex e-con e-child\" data-id=\"8fa8987\" data-element_type=\"container\" data-settings=\"{&quot;background_background&quot;:&quot;classic&quot;}\">\n\t\t\t\t<\/div>\n\t\t<div class=\"elementor-element elementor-element-8e9af1d e-con-full e-flex e-con e-child\" data-id=\"8e9af1d\" data-element_type=\"container\">\n\t\t\t\t<div class=\"elementor-element elementor-element-7fcf10f elementor-widget elementor-widget-heading\" data-id=\"7fcf10f\" data-element_type=\"widget\" data-widget_type=\"heading.default\">\n\t\t\t\t<div class=\"elementor-widget-container\">\n\t\t\t\t\t<h2 class=\"elementor-heading-title elementor-size-default\">Mi ruta personal por el Albaic\u00edn<\/h2>\t\t\t\t<\/div>\n\t\t\t\t<\/div>\n\t\t\t\t<div class=\"elementor-element elementor-element-c240666 elementor-widget elementor-widget-text-editor\" data-id=\"c240666\" data-element_type=\"widget\" data-widget_type=\"text-editor.default\">\n\t\t\t\t<div class=\"elementor-widget-container\">\n\t\t\t\t\t\t\t\t\t<p>Ad\u00e9ntrate en las estrechas calles empedradas del <strong>Albaic\u00edn<\/strong>, el barrio m\u00e1s antiguo de <strong>Granada<\/strong>. Te acompa\u00f1ar\u00e9 en un recorrido lleno de historia, leyendas y miradores con vistas \u00fanicas a la <strong>Alhambra<\/strong>. Como <strong>gu\u00eda tur\u00edstico<\/strong> en Granada, te mostrar\u00e9 rincones ocultos, antiguos aljibes y casas moriscas que cuentan siglos de vida andalus\u00ed.<\/p>\t\t\t\t\t\t\t\t<\/div>\n\t\t\t\t<\/div>\n\t\t\t\t<div class=\"elementor-element elementor-element-79ab398 elementor-button-warning elementor-align-left elementor-widget elementor-widget-button\" data-id=\"79ab398\" data-element_type=\"widget\" data-widget_type=\"button.default\">\n\t\t\t\t<div class=\"elementor-widget-container\">\n\t\t\t\t\t\t\t\t\t<div class=\"elementor-button-wrapper\">\n\t\t\t\t\t<a class=\"elementor-button elementor-button-link elementor-size-sm\" href=\"\/es\/visita-guiada-albaicin\" title=\"Visita Guiada Albaicin\">\n\t\t\t\t\t\t<span class=\"elementor-button-content-wrapper\">\n\t\t\t\t\t\t\t\t\t<span class=\"elementor-button-text\">VISITA EL ALBAIC\u00cdN<\/span>\n\t\t\t\t\t<\/span>\n\t\t\t\t\t<\/a>\n\t\t\t\t<\/div>\n\t\t\t\t\t\t\t\t<\/div>\n\t\t\t\t<\/div>\n\t\t\t\t<\/div>\n\t\t\t\t\t<\/div>\n\t\t\t\t<\/div>\n\t\t\t\t<\/div>\n\t\t","protected":false},"excerpt":{"rendered":"<p>Tu gu\u00eda tur\u00edstico en Granada Explora la Alhambra, el Generalife y el Albaic\u00edn con nuestro gu\u00eda tur\u00edstico en Granada En Spantour, te ofrecemos una experiencia \u00fanica y personalizada para descubrir la rica historia y cultura de Granada. Nuestro gu\u00eda oficial est\u00e1 altamente cualificado y apasionado por compartir el legado de nuestra ciudad.\u200b RESERVAR La Alhambra [&hellip;]<\/p>\n","protected":false},"author":2,"featured_media":0,"parent":0,"menu_order":0,"comment_status":"closed","ping_status":"closed","template":"","meta":{"_joinchat":[],"footnotes":""},"class_list":["post-556","page","type-page","status-publish","hentry"],"_links":{"self":[{"href":"https:\/\/www.spantour.com\/es\/wp-json\/wp\/v2\/pages\/556","targetHints":{"allow":["GET"]}}],"collection":[{"href":"https:\/\/www.spantour.com\/es\/wp-json\/wp\/v2\/pages"}],"about":[{"href":"https:\/\/www.spantour.com\/es\/wp-json\/wp\/v2\/types\/page"}],"author":[{"embeddable":true,"href":"https:\/\/www.spantour.com\/es\/wp-json\/wp\/v2\/users\/2"}],"replies":[{"embeddable":true,"href":"https:\/\/www.spantour.com\/es\/wp-json\/wp\/v2\/comments?post=556"}],"version-history":[{"count":94,"href":"https:\/\/www.spantour.com\/es\/wp-json\/wp\/v2\/pages\/556\/revisions"}],"predecessor-version":[{"id":2192,"href":"https:\/\/www.spantour.com\/es\/wp-json\/wp\/v2\/pages\/556\/revisions\/2192"}],"wp:attachment":[{"href":"https:\/\/www.spantour.com\/es\/wp-json\/wp\/v2\/media?parent=556"}],"curies":[{"name":"wp","href":"https:\/\/api.w.org\/{rel}","templated":true}]}}