{"id":627,"date":"2025-04-25T11:03:54","date_gmt":"2025-04-25T10:03:54","guid":{"rendered":"https:\/\/www.spantour.com\/?page_id=627"},"modified":"2025-05-28T11:50:30","modified_gmt":"2025-05-28T10:50:30","slug":"visita-guiada-alhambra","status":"publish","type":"page","link":"https:\/\/www.spantour.com\/es\/visita-guiada-alhambra","title":{"rendered":"Visita guiada Alhambra de Granada"},"content":{"rendered":"\t\t<div data-elementor-type=\"wp-page\" data-elementor-id=\"627\" class=\"elementor elementor-627\" data-elementor-post-type=\"page\">\n\t\t\t\t<div class=\"elementor-element elementor-element-c07c88b e-flex e-con-boxed e-con e-parent\" data-id=\"c07c88b\" data-element_type=\"container\" data-settings=\"{&quot;background_background&quot;:&quot;classic&quot;}\">\n\t\t\t\t\t<div class=\"e-con-inner\">\n\t\t<div class=\"elementor-element elementor-element-778b862 e-con-full e-flex e-con e-child\" data-id=\"778b862\" data-element_type=\"container\">\n\t\t\t\t<div class=\"elementor-element elementor-element-1c3e735 elementor-widget elementor-widget-heading\" data-id=\"1c3e735\" data-element_type=\"widget\" data-widget_type=\"heading.default\">\n\t\t\t\t<div class=\"elementor-widget-container\">\n\t\t\t\t\t<h1 class=\"elementor-heading-title elementor-size-default\">Visita Guiada a la Alhambra<\/h1>\t\t\t\t<\/div>\n\t\t\t\t<\/div>\n\t\t\t\t<div class=\"elementor-element elementor-element-4185e25 elementor-widget elementor-widget-heading\" data-id=\"4185e25\" data-element_type=\"widget\" data-widget_type=\"heading.default\">\n\t\t\t\t<div class=\"elementor-widget-container\">\n\t\t\t\t\t<h2 class=\"elementor-heading-title elementor-size-default\">Vive un incre\u00edble Tour por la Alhambra<\/h2>\t\t\t\t<\/div>\n\t\t\t\t<\/div>\n\t\t\t\t<div class=\"elementor-element elementor-element-3def34c elementor-widget elementor-widget-text-editor\" data-id=\"3def34c\" data-element_type=\"widget\" data-widget_type=\"text-editor.default\">\n\t\t\t\t<div class=\"elementor-widget-container\">\n\t\t\t\t\t\t\t\t\t<p>Explora conmigo la <strong>Alhambra<\/strong> y descubre sus rincones: los <strong>Palacios<\/strong> <strong>Nazar\u00edes<\/strong>, la <strong>Alcazaba<\/strong> y el <strong>Palacio de Carlos V<\/strong>. Te guiar\u00e9 a trav\u00e9s de su historia, su arte y sus secretos en un recorrido ameno y cercano, pensado para que vivas la Alhambra como un aut\u00e9ntico viaje en el tiempo.<\/p>\t\t\t\t\t\t\t\t<\/div>\n\t\t\t\t<\/div>\n\t\t\t\t<div class=\"elementor-element elementor-element-41430c7 elementor-widget elementor-widget-button\" data-id=\"41430c7\" data-element_type=\"widget\" data-widget_type=\"button.default\">\n\t\t\t\t<div class=\"elementor-widget-container\">\n\t\t\t\t\t\t\t\t\t<div class=\"elementor-button-wrapper\">\n\t\t\t\t\t<a class=\"elementor-button elementor-button-link elementor-size-sm\" href=\"\/es\/contacto\" title=\"Contacto\">\n\t\t\t\t\t\t<span class=\"elementor-button-content-wrapper\">\n\t\t\t\t\t\t\t\t\t<span class=\"elementor-button-text\">RESERVA YA<\/span>\n\t\t\t\t\t<\/span>\n\t\t\t\t\t<\/a>\n\t\t\t\t<\/div>\n\t\t\t\t\t\t\t\t<\/div>\n\t\t\t\t<\/div>\n\t\t\t\t<\/div>\n\t\t<div class=\"elementor-element elementor-element-bd49b78 e-con-full elementor-hidden-mobile e-flex e-con e-child\" data-id=\"bd49b78\" data-element_type=\"container\" data-settings=\"{&quot;background_background&quot;:&quot;classic&quot;}\">\n\t\t\t\t<\/div>\n\t\t\t\t\t<\/div>\n\t\t\t\t<\/div>\n\t\t<div class=\"elementor-element elementor-element-ed9b80c e-flex e-con-boxed e-con e-parent\" data-id=\"ed9b80c\" data-element_type=\"container\" data-settings=\"{&quot;background_background&quot;:&quot;classic&quot;}\">\n\t\t\t\t\t<div class=\"e-con-inner\">\n\t\t<div class=\"elementor-element elementor-element-51d57c6 e-con-full e-flex e-con e-child\" data-id=\"51d57c6\" data-element_type=\"container\" data-settings=\"{&quot;background_background&quot;:&quot;classic&quot;}\">\n\t\t\t\t<div class=\"elementor-element elementor-element-6bd6ce7 elementor-widget elementor-widget-image\" data-id=\"6bd6ce7\" data-element_type=\"widget\" data-widget_type=\"image.default\">\n\t\t\t\t<div class=\"elementor-widget-container\">\n\t\t\t\t\t\t\t\t\t\t\t\t\t\t\t<img fetchpriority=\"high\" decoding=\"async\" width=\"800\" height=\"533\" src=\"https:\/\/www.spantour.com\/wp-content\/uploads\/2025\/04\/Detalle-interior-de-los-Palacios-Nazaries-en-la-Alhambra-1024x682.webp\" class=\"attachment-large size-large wp-image-256\" alt=\"Decoraci\u00f3n interior de la Alhambra con arcos \u00e1rabes y muros tallados en yeser\u00eda\" srcset=\"https:\/\/www.spantour.com\/wp-content\/uploads\/2025\/04\/Detalle-interior-de-los-Palacios-Nazaries-en-la-Alhambra-1024x682.webp 1024w, https:\/\/www.spantour.com\/wp-content\/uploads\/2025\/04\/Detalle-interior-de-los-Palacios-Nazaries-en-la-Alhambra-300x200.webp 300w, https:\/\/www.spantour.com\/wp-content\/uploads\/2025\/04\/Detalle-interior-de-los-Palacios-Nazaries-en-la-Alhambra-768x512.webp 768w, https:\/\/www.spantour.com\/wp-content\/uploads\/2025\/04\/Detalle-interior-de-los-Palacios-Nazaries-en-la-Alhambra.webp 1280w\" sizes=\"(max-width: 800px) 100vw, 800px\" \/>\t\t\t\t\t\t\t\t\t\t\t\t\t\t\t<\/div>\n\t\t\t\t<\/div>\n\t\t\t\t<\/div>\n\t\t<div class=\"elementor-element elementor-element-6262fbb e-con-full e-flex e-con e-child\" data-id=\"6262fbb\" data-element_type=\"container\">\n\t\t\t\t<div class=\"elementor-element elementor-element-809a556 elementor-widget elementor-widget-heading\" data-id=\"809a556\" data-element_type=\"widget\" data-widget_type=\"heading.default\">\n\t\t\t\t<div class=\"elementor-widget-container\">\n\t\t\t\t\t<h2 class=\"elementor-heading-title elementor-size-default\">Razones para elegir una visita guiada a la Alhambra de Granada<\/h2>\t\t\t\t<\/div>\n\t\t\t\t<\/div>\n\t\t\t\t<div class=\"elementor-element elementor-element-9190e6e elementor-widget elementor-widget-text-editor\" data-id=\"9190e6e\" data-element_type=\"widget\" data-widget_type=\"text-editor.default\">\n\t\t\t\t<div class=\"elementor-widget-container\">\n\t\t\t\t\t\t\t\t\t<p>Descubrir la Alhambra por libre no es lo mismo que hacerlo acompa\u00f1ado por un gu\u00eda experto. Con nuestra <strong data-start=\"474\" data-end=\"516\">visita guiada a la Alhambra de Granada<\/strong>, conocer\u00e1s cada rinc\u00f3n de los <strong data-start=\"547\" data-end=\"568\">Palacios Nazar\u00edes<\/strong>, la <strong data-start=\"573\" data-end=\"585\">Alcazaba<\/strong> y el <strong data-start=\"591\" data-end=\"614\">Palacio de Carlos V<\/strong>. Adem\u00e1s de evitar perderte, entender\u00e1s la historia, el arte y los secretos que convirtieron a este conjunto monumental en Patrimonio de la Humanidad.<\/p>\t\t\t\t\t\t\t\t<\/div>\n\t\t\t\t<\/div>\n\t\t<div class=\"elementor-element elementor-element-3d20a56 e-con-full e-flex e-con e-child\" data-id=\"3d20a56\" data-element_type=\"container\">\n\t\t\t\t<div class=\"elementor-element elementor-element-c067832 elementor-widget__width-initial elementor-view-default elementor-position-top elementor-mobile-position-top elementor-widget elementor-widget-icon-box\" data-id=\"c067832\" data-element_type=\"widget\" data-widget_type=\"icon-box.default\">\n\t\t\t\t<div class=\"elementor-widget-container\">\n\t\t\t\t\t\t\t<div class=\"elementor-icon-box-wrapper\">\n\n\t\t\t\t\t\t<div class=\"elementor-icon-box-icon\">\n\t\t\t\t<span  class=\"elementor-icon\">\n\t\t\t\t<svg xmlns=\"http:\/\/www.w3.org\/2000\/svg\" viewBox=\"0 0 50 50\" width=\"50px\" height=\"50px\"><path d=\"M 25 2 C 12.309295 2 2 12.309295 2 25 C 2 37.690705 12.309295 48 25 48 C 37.690705 48 48 37.690705 48 25 C 48 12.309295 37.690705 2 25 2 z M 25 4 C 36.609824 4 46 13.390176 46 25 C 46 36.609824 36.609824 46 25 46 C 13.390176 46 4 36.609824 4 25 C 4 13.390176 13.390176 4 25 4 z M 37.039062 10.990234 A 1.0001 1.0001 0 0 0 36.265625 11.322266 L 26.183594 22.244141 A 3 3 0 0 0 25 22 A 3 3 0 0 0 22 25 A 3 3 0 0 0 25 28 A 3 3 0 0 0 25.5 27.958984 L 29.125 34.486328 A 1.0010694 1.0010694 0 1 0 30.875 33.513672 L 27.246094 26.984375 A 3 3 0 0 0 28 25 A 3 3 0 0 0 27.652344 23.599609 L 37.734375 12.677734 A 1.0001 1.0001 0 0 0 37.039062 10.990234 z\"><\/path><\/svg>\t\t\t\t<\/span>\n\t\t\t<\/div>\n\t\t\t\n\t\t\t\t\t\t<div class=\"elementor-icon-box-content\">\n\n\t\t\t\t\t\t\t\t\t<p class=\"elementor-icon-box-title\">\n\t\t\t\t\t\t<span  >\n\t\t\t\t\t\t\tDuraci\u00f3n\t\t\t\t\t\t<\/span>\n\t\t\t\t\t<\/p>\n\t\t\t\t\n\t\t\t\t\t\t\t\t\t<p class=\"elementor-icon-box-description\">\n\t\t\t\t\t\t3 horas\t\t\t\t\t<\/p>\n\t\t\t\t\n\t\t\t<\/div>\n\t\t\t\n\t\t<\/div>\n\t\t\t\t\t\t<\/div>\n\t\t\t\t<\/div>\n\t\t\t\t<div class=\"elementor-element elementor-element-b2c52cb elementor-widget__width-initial elementor-view-default elementor-position-top elementor-mobile-position-top elementor-widget elementor-widget-icon-box\" data-id=\"b2c52cb\" data-element_type=\"widget\" data-widget_type=\"icon-box.default\">\n\t\t\t\t<div class=\"elementor-widget-container\">\n\t\t\t\t\t\t\t<div class=\"elementor-icon-box-wrapper\">\n\n\t\t\t\t\t\t<div class=\"elementor-icon-box-icon\">\n\t\t\t\t<span  class=\"elementor-icon\">\n\t\t\t\t<svg xmlns=\"http:\/\/www.w3.org\/2000\/svg\" viewBox=\"0 0 50 50\" width=\"50px\" height=\"50px\"><path d=\"M 13 0 C 7.976563 0 4.878906 0.496094 3 1.03125 C 2.058594 1.296875 1.421875 1.585938 1 1.8125 C 0.863281 1.886719 0.789063 1.964844 0.6875 2.03125 C 0.664063 2.046875 0.617188 2.046875 0.59375 2.0625 C 0.488281 2.117188 0.390625 2.191406 0.3125 2.28125 C 0.300781 2.28125 0.292969 2.28125 0.28125 2.28125 L 0.25 2.34375 C 0.214844 2.371094 0.183594 2.402344 0.15625 2.4375 L 0 2.5625 L 0 2.8125 C -0.00390625 2.855469 -0.00390625 2.894531 0 2.9375 L 0 49 C -0.00390625 49.359375 0.183594 49.695313 0.496094 49.878906 C 0.808594 50.058594 1.191406 50.058594 1.503906 49.878906 C 1.816406 49.695313 2.003906 49.359375 2 49 L 2 30.65625 C 2.417969 30.488281 3.046875 30.253906 4.1875 29.96875 C 6.09375 29.488281 9.015625 29 13 29 C 16.902344 29 19.796875 29.960938 23.3125 30.96875 C 26.828125 31.976563 30.921875 33 37 33 C 44.023438 33 49.5 29.875 49.5 29.875 L 50 29.59375 L 50 2.3125 L 48.53125 3.125 C 47.710938 3.570313 43.011719 6 37 6 C 32.222656 6 28.890625 4.59375 25.375 3.09375 C 21.859375 1.59375 18.160156 0 13 0 Z M 13 2 C 17.753906 2 21.078125 3.40625 24.59375 4.90625 C 28.109375 6.40625 31.824219 8 37 8 C 42.382813 8 46.113281 6.40625 48 5.5 L 48 28.34375 C 47.316406 28.710938 42.949219 31 37 31 C 31.148438 31 27.3125 30.023438 23.84375 29.03125 C 20.375 28.039063 17.230469 27 13 27 C 8.851563 27 5.78125 27.511719 3.71875 28.03125 C 2.605469 28.3125 2.53125 28.414063 2 28.625 L 2 3.53125 C 2.285156 3.382813 2.773438 3.191406 3.5625 2.96875 C 5.203125 2.503906 8.109375 2 13 2 Z\"><\/path><\/svg>\t\t\t\t<\/span>\n\t\t\t<\/div>\n\t\t\t\n\t\t\t\t\t\t<div class=\"elementor-icon-box-content\">\n\n\t\t\t\t\t\t\t\t\t<p class=\"elementor-icon-box-title\">\n\t\t\t\t\t\t<span  >\n\t\t\t\t\t\t\tIdiomas\t\t\t\t\t\t<\/span>\n\t\t\t\t\t<\/p>\n\t\t\t\t\n\t\t\t\t\t\t\t\t\t<p class=\"elementor-icon-box-description\">\n\t\t\t\t\t\t\u00c1rabe, Ingl\u00e9s, Espa\u00f1ol\t\t\t\t\t<\/p>\n\t\t\t\t\n\t\t\t<\/div>\n\t\t\t\n\t\t<\/div>\n\t\t\t\t\t\t<\/div>\n\t\t\t\t<\/div>\n\t\t\t\t<div class=\"elementor-element elementor-element-d5f39d8 elementor-button-warning elementor-align-left elementor-widget__width-initial elementor-mobile-align-center elementor-widget elementor-widget-button\" data-id=\"d5f39d8\" data-element_type=\"widget\" data-widget_type=\"button.default\">\n\t\t\t\t<div class=\"elementor-widget-container\">\n\t\t\t\t\t\t\t\t\t<div class=\"elementor-button-wrapper\">\n\t\t\t\t\t<a class=\"elementor-button elementor-button-link elementor-size-sm\" href=\"https:\/\/wa.me\/34634856365\" title=\"WhatsApp\" rel=\"noopener\">\n\t\t\t\t\t\t<span class=\"elementor-button-content-wrapper\">\n\t\t\t\t\t\t\t\t\t<span class=\"elementor-button-text\">RESERVAR VISITA<\/span>\n\t\t\t\t\t<\/span>\n\t\t\t\t\t<\/a>\n\t\t\t\t<\/div>\n\t\t\t\t\t\t\t\t<\/div>\n\t\t\t\t<\/div>\n\t\t\t\t<\/div>\n\t\t\t\t<\/div>\n\t\t\t\t\t<\/div>\n\t\t\t\t<\/div>\n\t\t<div class=\"elementor-element elementor-element-aa76bb3 e-flex e-con-boxed e-con e-parent\" data-id=\"aa76bb3\" data-element_type=\"container\" data-settings=\"{&quot;background_background&quot;:&quot;classic&quot;}\">\n\t\t\t\t\t<div class=\"e-con-inner\">\n\t\t<div class=\"elementor-element elementor-element-a7eba69 e-con-full e-flex e-con e-child\" data-id=\"a7eba69\" data-element_type=\"container\">\n\t\t\t\t<div class=\"elementor-element elementor-element-aa81b1d elementor-widget elementor-widget-image\" data-id=\"aa81b1d\" data-element_type=\"widget\" data-widget_type=\"image.default\">\n\t\t\t\t<div class=\"elementor-widget-container\">\n\t\t\t\t\t\t\t\t\t\t\t\t\t\t\t<img decoding=\"async\" width=\"738\" height=\"1024\" src=\"https:\/\/www.spantour.com\/wp-content\/uploads\/2025\/04\/Patio-de-los-Leones-en-la-Alhambra-de-Granada-738x1024.webp\" class=\"attachment-large size-large wp-image-258\" alt=\"Vista del Patio de los Leones con su fuente central y columnas de m\u00e1rmol\" srcset=\"https:\/\/www.spantour.com\/wp-content\/uploads\/2025\/04\/Patio-de-los-Leones-en-la-Alhambra-de-Granada-738x1024.webp 738w, https:\/\/www.spantour.com\/wp-content\/uploads\/2025\/04\/Patio-de-los-Leones-en-la-Alhambra-de-Granada-216x300.webp 216w, https:\/\/www.spantour.com\/wp-content\/uploads\/2025\/04\/Patio-de-los-Leones-en-la-Alhambra-de-Granada-768x1065.webp 768w, https:\/\/www.spantour.com\/wp-content\/uploads\/2025\/04\/Patio-de-los-Leones-en-la-Alhambra-de-Granada.webp 923w\" sizes=\"(max-width: 738px) 100vw, 738px\" \/>\t\t\t\t\t\t\t\t\t\t\t\t\t\t\t<\/div>\n\t\t\t\t<\/div>\n\t\t\t\t<\/div>\n\t\t<div class=\"elementor-element elementor-element-d56d39b e-con-full e-flex e-con e-child\" data-id=\"d56d39b\" data-element_type=\"container\">\n\t\t\t\t<div class=\"elementor-element elementor-element-41d7226 elementor-widget elementor-widget-heading\" data-id=\"41d7226\" data-element_type=\"widget\" data-widget_type=\"heading.default\">\n\t\t\t\t<div class=\"elementor-widget-container\">\n\t\t\t\t\t<h2 class=\"elementor-heading-title elementor-size-default\">Qu\u00e9 incluye la visita guiada a la Alhambra<\/h2>\t\t\t\t<\/div>\n\t\t\t\t<\/div>\n\t\t\t\t<div class=\"elementor-element elementor-element-5d0b759 elementor-widget elementor-widget-text-editor\" data-id=\"5d0b759\" data-element_type=\"widget\" data-widget_type=\"text-editor.default\">\n\t\t\t\t<div class=\"elementor-widget-container\">\n\t\t\t\t\t\t\t\t\t<p>Con nuestra<strong> visita guiada a la Alhambra de Granada<\/strong>, disfrutar\u00e1s de un recorrido completo por los espacios m\u00e1s emblem\u00e1ticos del conjunto monumental: los Palacios Nazar\u00edes, la Alcazaba y el Generalife. No solo te mostraremos sus lugares m\u00e1s impresionantes, tambi\u00e9n conocer\u00e1s las historias ocultas, curiosidades y leyendas que solo un gu\u00eda experto puede contarte.<\/p><p data-start=\"761\" data-end=\"773\"><strong data-start=\"761\" data-end=\"773\">Incluye:<\/strong><\/p><ul data-start=\"774\" data-end=\"945\"><li data-start=\"774\" data-end=\"827\"><p data-start=\"776\" data-end=\"827\">Acceso a Palacios Nazar\u00edes, Alcazaba y Generalife<\/p><\/li><li data-start=\"828\" data-end=\"855\"><p data-start=\"830\" data-end=\"855\">Gu\u00eda oficial acreditado<\/p><\/li><li data-start=\"856\" data-end=\"891\"><p data-start=\"858\" data-end=\"891\">Tour en espa\u00f1ol, ingl\u00e9s o \u00e1rabe<\/p><\/li><li data-start=\"892\" data-end=\"945\"><p data-start=\"894\" data-end=\"945\">Grupos reducidos para una experiencia m\u00e1s cercan<\/p><\/li><\/ul>\t\t\t\t\t\t\t\t<\/div>\n\t\t\t\t<\/div>\n\t\t\t\t<div class=\"elementor-element elementor-element-0ca8342 elementor-button-warning elementor-tablet-align-center elementor-widget elementor-widget-button\" data-id=\"0ca8342\" data-element_type=\"widget\" data-widget_type=\"button.default\">\n\t\t\t\t<div class=\"elementor-widget-container\">\n\t\t\t\t\t\t\t\t\t<div class=\"elementor-button-wrapper\">\n\t\t\t\t\t<a class=\"elementor-button elementor-button-link elementor-size-sm\" href=\"https:\/\/wa.me\/34634856365\" title=\"WhatsApp\" rel=\"noopener\">\n\t\t\t\t\t\t<span class=\"elementor-button-content-wrapper\">\n\t\t\t\t\t\t\t\t\t<span class=\"elementor-button-text\">RESERVAR VISITA GUIADA<\/span>\n\t\t\t\t\t<\/span>\n\t\t\t\t\t<\/a>\n\t\t\t\t<\/div>\n\t\t\t\t\t\t\t\t<\/div>\n\t\t\t\t<\/div>\n\t\t\t\t<\/div>\n\t\t\t\t\t<\/div>\n\t\t\t\t<\/div>\n\t\t\t\t<\/div>\n\t\t","protected":false},"excerpt":{"rendered":"<p>Visita Guiada a la Alhambra Vive un incre\u00edble Tour por la Alhambra Explora conmigo la Alhambra y descubre sus rincones: los Palacios Nazar\u00edes, la Alcazaba y el Palacio de Carlos V. Te guiar\u00e9 a trav\u00e9s de su historia, su arte y sus secretos en un recorrido ameno y cercano, pensado para que vivas la Alhambra [&hellip;]<\/p>\n","protected":false},"author":2,"featured_media":0,"parent":0,"menu_order":0,"comment_status":"closed","ping_status":"closed","template":"","meta":{"_joinchat":[],"footnotes":""},"class_list":["post-627","page","type-page","status-publish","hentry"],"_links":{"self":[{"href":"https:\/\/www.spantour.com\/es\/wp-json\/wp\/v2\/pages\/627","targetHints":{"allow":["GET"]}}],"collection":[{"href":"https:\/\/www.spantour.com\/es\/wp-json\/wp\/v2\/pages"}],"about":[{"href":"https:\/\/www.spantour.com\/es\/wp-json\/wp\/v2\/types\/page"}],"author":[{"embeddable":true,"href":"https:\/\/www.spantour.com\/es\/wp-json\/wp\/v2\/users\/2"}],"replies":[{"embeddable":true,"href":"https:\/\/www.spantour.com\/es\/wp-json\/wp\/v2\/comments?post=627"}],"version-history":[{"count":150,"href":"https:\/\/www.spantour.com\/es\/wp-json\/wp\/v2\/pages\/627\/revisions"}],"predecessor-version":[{"id":1985,"href":"https:\/\/www.spantour.com\/es\/wp-json\/wp\/v2\/pages\/627\/revisions\/1985"}],"wp:attachment":[{"href":"https:\/\/www.spantour.com\/es\/wp-json\/wp\/v2\/media?parent=627"}],"curies":[{"name":"wp","href":"https:\/\/api.w.org\/{rel}","templated":true}]}}