{"id":746,"date":"2025-04-25T12:35:25","date_gmt":"2025-04-25T11:35:25","guid":{"rendered":"https:\/\/www.spantour.com\/?page_id=746"},"modified":"2025-07-03T09:15:03","modified_gmt":"2025-07-03T08:15:03","slug":"visita-guiada-generalife","status":"publish","type":"page","link":"https:\/\/www.spantour.com\/es\/visita-guiada-generalife","title":{"rendered":"Visita guiada al Generalife de Granada"},"content":{"rendered":"\t\t<div data-elementor-type=\"wp-page\" data-elementor-id=\"746\" class=\"elementor elementor-746\" data-elementor-post-type=\"page\">\n\t\t\t\t<div class=\"elementor-element elementor-element-183eb1b e-flex e-con-boxed e-con e-parent\" data-id=\"183eb1b\" data-element_type=\"container\" data-settings=\"{&quot;background_background&quot;:&quot;classic&quot;}\">\n\t\t\t\t\t<div class=\"e-con-inner\">\n\t\t<div class=\"elementor-element elementor-element-b1495d8 e-con-full e-flex e-con e-child\" data-id=\"b1495d8\" data-element_type=\"container\">\n\t\t\t\t<div class=\"elementor-element elementor-element-12be3f7 elementor-widget elementor-widget-heading\" data-id=\"12be3f7\" data-element_type=\"widget\" data-widget_type=\"heading.default\">\n\t\t\t\t<div class=\"elementor-widget-container\">\n\t\t\t\t\t<h1 class=\"elementor-heading-title elementor-size-default\">Visita Guiada al Generalife de Granada<\/h1>\t\t\t\t<\/div>\n\t\t\t\t<\/div>\n\t\t\t\t<div class=\"elementor-element elementor-element-436793c elementor-widget elementor-widget-heading\" data-id=\"436793c\" data-element_type=\"widget\" data-widget_type=\"heading.default\">\n\t\t\t\t<div class=\"elementor-widget-container\">\n\t\t\t\t\t<h2 class=\"elementor-heading-title elementor-size-default\"> Disfruta de los jardines y palacios del Generalife<\/h2>\t\t\t\t<\/div>\n\t\t\t\t<\/div>\n\t\t\t\t<div class=\"elementor-element elementor-element-96b6c38 elementor-widget elementor-widget-text-editor\" data-id=\"96b6c38\" data-element_type=\"widget\" data-widget_type=\"text-editor.default\">\n\t\t\t\t<div class=\"elementor-widget-container\">\n\t\t\t\t\t\t\t\t\t<p>El <strong>Generalife<\/strong>, conocido por sus espectaculares <strong>jardines<\/strong> y <strong>fuentes<\/strong>, fue la residencia de verano de los sultanes nazar\u00edes. Con nuestra <strong>visita<\/strong> <strong>guiada<\/strong>, descubrir\u00e1s la historia, la arquitectura y los secretos de este lugar \u00fanico. Pasea por sus jardines, contempla las vistas de <strong>Granada<\/strong> y conoce c\u00f3mo estos jardines fueron dise\u00f1ados para la relajaci\u00f3n y el deleite de los monarcas.<\/p>\t\t\t\t\t\t\t\t<\/div>\n\t\t\t\t<\/div>\n\t\t\t\t<div class=\"elementor-element elementor-element-72f8a54 elementor-widget elementor-widget-button\" data-id=\"72f8a54\" data-element_type=\"widget\" data-widget_type=\"button.default\">\n\t\t\t\t<div class=\"elementor-widget-container\">\n\t\t\t\t\t\t\t\t\t<div class=\"elementor-button-wrapper\">\n\t\t\t\t\t<a class=\"elementor-button elementor-button-link elementor-size-sm\" href=\"\/es\/contacto\" title=\"Contacto\">\n\t\t\t\t\t\t<span class=\"elementor-button-content-wrapper\">\n\t\t\t\t\t\t\t\t\t<span class=\"elementor-button-text\">RESERVA AHORA<\/span>\n\t\t\t\t\t<\/span>\n\t\t\t\t\t<\/a>\n\t\t\t\t<\/div>\n\t\t\t\t\t\t\t\t<\/div>\n\t\t\t\t<\/div>\n\t\t\t\t<\/div>\n\t\t<div class=\"elementor-element elementor-element-cec4ff4 e-con-full elementor-hidden-tablet elementor-hidden-mobile e-flex e-con e-child\" data-id=\"cec4ff4\" data-element_type=\"container\">\n\t\t\t\t<\/div>\n\t\t\t\t\t<\/div>\n\t\t\t\t<\/div>\n\t\t<div class=\"elementor-element elementor-element-6e612b9 e-flex e-con-boxed e-con e-parent\" data-id=\"6e612b9\" data-element_type=\"container\" data-settings=\"{&quot;background_background&quot;:&quot;classic&quot;}\">\n\t\t\t\t\t<div class=\"e-con-inner\">\n\t\t<div class=\"elementor-element elementor-element-ce095e0 e-con-full elementor-hidden-mobile e-flex e-con e-child\" data-id=\"ce095e0\" data-element_type=\"container\" data-settings=\"{&quot;background_background&quot;:&quot;classic&quot;}\">\n\t\t\t\t<\/div>\n\t\t<div class=\"elementor-element elementor-element-51a18be e-con-full e-flex e-con e-child\" data-id=\"51a18be\" data-element_type=\"container\">\n\t\t\t\t<div class=\"elementor-element elementor-element-a631827 elementor-widget elementor-widget-heading\" data-id=\"a631827\" data-element_type=\"widget\" data-widget_type=\"heading.default\">\n\t\t\t\t<div class=\"elementor-widget-container\">\n\t\t\t\t\t<h2 class=\"elementor-heading-title elementor-size-default\">\u00bfPor qu\u00e9 elegir una visita guiada al Generalife y sus jardines?<\/h2>\t\t\t\t<\/div>\n\t\t\t\t<\/div>\n\t\t\t\t<div class=\"elementor-element elementor-element-dcb6285 elementor-widget elementor-widget-text-editor\" data-id=\"dcb6285\" data-element_type=\"widget\" data-widget_type=\"text-editor.default\">\n\t\t\t\t<div class=\"elementor-widget-container\">\n\t\t\t\t\t\t\t\t\t<p>El <strong>Generalife<\/strong> es una joya arquitect\u00f3nica y un testimonio del esplendor de la <strong>Granada<\/strong> isl\u00e1mica. Conocer\u00e1s la historia detr\u00e1s de sus patios, jardines y fuentes, y c\u00f3mo reflejan la visi\u00f3n isl\u00e1mica del para\u00edso. Nuestro <strong>gu\u00eda<\/strong> <strong>experto<\/strong> te llevar\u00e1 a trav\u00e9s de sus espacios m\u00e1s emblem\u00e1ticos, explicando las influencias que definieron su dise\u00f1o y su relevancia en la historia de la ciudad.<\/p>\t\t\t\t\t\t\t\t<\/div>\n\t\t\t\t<\/div>\n\t\t<div class=\"elementor-element elementor-element-5c40844 e-con-full e-flex e-con e-child\" data-id=\"5c40844\" data-element_type=\"container\">\n\t\t\t\t<div class=\"elementor-element elementor-element-96ca682 elementor-widget__width-initial elementor-view-default elementor-position-top elementor-mobile-position-top elementor-widget elementor-widget-icon-box\" data-id=\"96ca682\" data-element_type=\"widget\" data-widget_type=\"icon-box.default\">\n\t\t\t\t<div class=\"elementor-widget-container\">\n\t\t\t\t\t\t\t<div class=\"elementor-icon-box-wrapper\">\n\n\t\t\t\t\t\t<div class=\"elementor-icon-box-icon\">\n\t\t\t\t<span  class=\"elementor-icon\">\n\t\t\t\t<svg xmlns=\"http:\/\/www.w3.org\/2000\/svg\" viewBox=\"0 0 50 50\" width=\"50px\" height=\"50px\"><path d=\"M 25 2 C 12.309295 2 2 12.309295 2 25 C 2 37.690705 12.309295 48 25 48 C 37.690705 48 48 37.690705 48 25 C 48 12.309295 37.690705 2 25 2 z M 25 4 C 36.609824 4 46 13.390176 46 25 C 46 36.609824 36.609824 46 25 46 C 13.390176 46 4 36.609824 4 25 C 4 13.390176 13.390176 4 25 4 z M 37.039062 10.990234 A 1.0001 1.0001 0 0 0 36.265625 11.322266 L 26.183594 22.244141 A 3 3 0 0 0 25 22 A 3 3 0 0 0 22 25 A 3 3 0 0 0 25 28 A 3 3 0 0 0 25.5 27.958984 L 29.125 34.486328 A 1.0010694 1.0010694 0 1 0 30.875 33.513672 L 27.246094 26.984375 A 3 3 0 0 0 28 25 A 3 3 0 0 0 27.652344 23.599609 L 37.734375 12.677734 A 1.0001 1.0001 0 0 0 37.039062 10.990234 z\"><\/path><\/svg>\t\t\t\t<\/span>\n\t\t\t<\/div>\n\t\t\t\n\t\t\t\t\t\t<div class=\"elementor-icon-box-content\">\n\n\t\t\t\t\t\t\t\t\t<p class=\"elementor-icon-box-title\">\n\t\t\t\t\t\t<span  >\n\t\t\t\t\t\t\tDuraci\u00f3n\t\t\t\t\t\t<\/span>\n\t\t\t\t\t<\/p>\n\t\t\t\t\n\t\t\t\t\t\t\t\t\t<p class=\"elementor-icon-box-description\">\n\t\t\t\t\t\t3 horas\t\t\t\t\t<\/p>\n\t\t\t\t\n\t\t\t<\/div>\n\t\t\t\n\t\t<\/div>\n\t\t\t\t\t\t<\/div>\n\t\t\t\t<\/div>\n\t\t\t\t<div class=\"elementor-element elementor-element-4b0e930 elementor-widget__width-initial elementor-view-default elementor-position-top elementor-mobile-position-top elementor-widget elementor-widget-icon-box\" data-id=\"4b0e930\" data-element_type=\"widget\" data-widget_type=\"icon-box.default\">\n\t\t\t\t<div class=\"elementor-widget-container\">\n\t\t\t\t\t\t\t<div class=\"elementor-icon-box-wrapper\">\n\n\t\t\t\t\t\t<div class=\"elementor-icon-box-icon\">\n\t\t\t\t<span  class=\"elementor-icon\">\n\t\t\t\t<svg xmlns=\"http:\/\/www.w3.org\/2000\/svg\" viewBox=\"0 0 50 50\" width=\"50px\" height=\"50px\"><path d=\"M 13 0 C 7.976563 0 4.878906 0.496094 3 1.03125 C 2.058594 1.296875 1.421875 1.585938 1 1.8125 C 0.863281 1.886719 0.789063 1.964844 0.6875 2.03125 C 0.664063 2.046875 0.617188 2.046875 0.59375 2.0625 C 0.488281 2.117188 0.390625 2.191406 0.3125 2.28125 C 0.300781 2.28125 0.292969 2.28125 0.28125 2.28125 L 0.25 2.34375 C 0.214844 2.371094 0.183594 2.402344 0.15625 2.4375 L 0 2.5625 L 0 2.8125 C -0.00390625 2.855469 -0.00390625 2.894531 0 2.9375 L 0 49 C -0.00390625 49.359375 0.183594 49.695313 0.496094 49.878906 C 0.808594 50.058594 1.191406 50.058594 1.503906 49.878906 C 1.816406 49.695313 2.003906 49.359375 2 49 L 2 30.65625 C 2.417969 30.488281 3.046875 30.253906 4.1875 29.96875 C 6.09375 29.488281 9.015625 29 13 29 C 16.902344 29 19.796875 29.960938 23.3125 30.96875 C 26.828125 31.976563 30.921875 33 37 33 C 44.023438 33 49.5 29.875 49.5 29.875 L 50 29.59375 L 50 2.3125 L 48.53125 3.125 C 47.710938 3.570313 43.011719 6 37 6 C 32.222656 6 28.890625 4.59375 25.375 3.09375 C 21.859375 1.59375 18.160156 0 13 0 Z M 13 2 C 17.753906 2 21.078125 3.40625 24.59375 4.90625 C 28.109375 6.40625 31.824219 8 37 8 C 42.382813 8 46.113281 6.40625 48 5.5 L 48 28.34375 C 47.316406 28.710938 42.949219 31 37 31 C 31.148438 31 27.3125 30.023438 23.84375 29.03125 C 20.375 28.039063 17.230469 27 13 27 C 8.851563 27 5.78125 27.511719 3.71875 28.03125 C 2.605469 28.3125 2.53125 28.414063 2 28.625 L 2 3.53125 C 2.285156 3.382813 2.773438 3.191406 3.5625 2.96875 C 5.203125 2.503906 8.109375 2 13 2 Z\"><\/path><\/svg>\t\t\t\t<\/span>\n\t\t\t<\/div>\n\t\t\t\n\t\t\t\t\t\t<div class=\"elementor-icon-box-content\">\n\n\t\t\t\t\t\t\t\t\t<p class=\"elementor-icon-box-title\">\n\t\t\t\t\t\t<span  >\n\t\t\t\t\t\t\tIdiomas\t\t\t\t\t\t<\/span>\n\t\t\t\t\t<\/p>\n\t\t\t\t\n\t\t\t\t\t\t\t\t\t<p class=\"elementor-icon-box-description\">\n\t\t\t\t\t\t\u00c1rabe, Ingl\u00e9s, Espa\u00f1ol\t\t\t\t\t<\/p>\n\t\t\t\t\n\t\t\t<\/div>\n\t\t\t\n\t\t<\/div>\n\t\t\t\t\t\t<\/div>\n\t\t\t\t<\/div>\n\t\t\t\t<div class=\"elementor-element elementor-element-d1ecae1 elementor-button-warning elementor-align-left elementor-widget__width-initial elementor-mobile-align-center elementor-widget elementor-widget-button\" data-id=\"d1ecae1\" data-element_type=\"widget\" data-widget_type=\"button.default\">\n\t\t\t\t<div class=\"elementor-widget-container\">\n\t\t\t\t\t\t\t\t\t<div class=\"elementor-button-wrapper\">\n\t\t\t\t\t<a class=\"elementor-button elementor-button-link elementor-size-sm\" href=\"https:\/\/wa.me\/34634856365\" title=\"WhatsApp\" rel=\"noopener\">\n\t\t\t\t\t\t<span class=\"elementor-button-content-wrapper\">\n\t\t\t\t\t\t\t\t\t<span class=\"elementor-button-text\">RESERVAR VISITA<\/span>\n\t\t\t\t\t<\/span>\n\t\t\t\t\t<\/a>\n\t\t\t\t<\/div>\n\t\t\t\t\t\t\t\t<\/div>\n\t\t\t\t<\/div>\n\t\t\t\t<\/div>\n\t\t\t\t<\/div>\n\t\t\t\t\t<\/div>\n\t\t\t\t<\/div>\n\t\t<div class=\"elementor-element elementor-element-27bb48a e-flex e-con-boxed e-con e-parent\" data-id=\"27bb48a\" data-element_type=\"container\" data-settings=\"{&quot;background_background&quot;:&quot;classic&quot;}\">\n\t\t\t\t\t<div class=\"e-con-inner\">\n\t\t<div class=\"elementor-element elementor-element-0095dc6 e-con-full e-flex e-con e-child\" data-id=\"0095dc6\" data-element_type=\"container\">\n\t\t\t\t<div class=\"elementor-element elementor-element-91e07f6 elementor-widget elementor-widget-image\" data-id=\"91e07f6\" data-element_type=\"widget\" data-widget_type=\"image.default\">\n\t\t\t\t<div class=\"elementor-widget-container\">\n\t\t\t\t\t\t\t\t\t\t\t\t\t\t\t<img fetchpriority=\"high\" decoding=\"async\" width=\"800\" height=\"450\" src=\"https:\/\/www.spantour.com\/wp-content\/uploads\/2025\/05\/visita-guiada-generalife-jardines-Spantour.webp\" class=\"attachment-large size-large wp-image-1989\" alt=\"Visita guiada por los jardines del Generalife de Granada | Spantour\" srcset=\"https:\/\/www.spantour.com\/wp-content\/uploads\/2025\/05\/visita-guiada-generalife-jardines-Spantour.webp 1024w, https:\/\/www.spantour.com\/wp-content\/uploads\/2025\/05\/visita-guiada-generalife-jardines-Spantour-300x169.webp 300w, https:\/\/www.spantour.com\/wp-content\/uploads\/2025\/05\/visita-guiada-generalife-jardines-Spantour-768x432.webp 768w\" sizes=\"(max-width: 800px) 100vw, 800px\" \/>\t\t\t\t\t\t\t\t\t\t\t\t\t\t\t<\/div>\n\t\t\t\t<\/div>\n\t\t\t\t<\/div>\n\t\t<div class=\"elementor-element elementor-element-ff0beed e-con-full e-flex e-con e-child\" data-id=\"ff0beed\" data-element_type=\"container\">\n\t\t\t\t<div class=\"elementor-element elementor-element-2ee3d88 elementor-widget elementor-widget-heading\" data-id=\"2ee3d88\" data-element_type=\"widget\" data-widget_type=\"heading.default\">\n\t\t\t\t<div class=\"elementor-widget-container\">\n\t\t\t\t\t<h2 class=\"elementor-heading-title elementor-size-default\">Qu\u00e9 incluye la visita guiada al Generalife<\/h2>\t\t\t\t<\/div>\n\t\t\t\t<\/div>\n\t\t\t\t<div class=\"elementor-element elementor-element-fbc9b65 elementor-widget elementor-widget-text-editor\" data-id=\"fbc9b65\" data-element_type=\"widget\" data-widget_type=\"text-editor.default\">\n\t\t\t\t<div class=\"elementor-widget-container\">\n\t\t\t\t\t\t\t\t\t<p data-start=\"205\" data-end=\"478\">Con nuestra <strong>visita guiada al Generalife de Granada<\/strong>, disfrutar\u00e1s de un recorrido completo por sus jardines y palacios emblem\u00e1ticos. No solo recorrer\u00e1s sus espacios m\u00e1s bonitos, tambi\u00e9n conocer\u00e1s las historias, curiosidades y secretos que solo un gu\u00eda experto puede contarte.<\/p><p data-start=\"480\" data-end=\"492\"><strong data-start=\"480\" data-end=\"492\">Incluye:<\/strong><\/p><ul data-start=\"494\" data-end=\"663\"><li data-start=\"494\" data-end=\"545\"><p data-start=\"496\" data-end=\"545\">Acceso a los jardines y palacios del Generalife<\/p><\/li><li data-start=\"546\" data-end=\"573\"><p data-start=\"548\" data-end=\"573\">Gu\u00eda oficial acreditado<\/p><\/li><li data-start=\"574\" data-end=\"609\"><p data-start=\"576\" data-end=\"609\">Tour en \u00e1rabe, ingl\u00e9s o espa\u00f1ol<\/p><\/li><li data-start=\"610\" data-end=\"663\"><p data-start=\"612\" data-end=\"663\">Grupos reducidos para una experiencia m\u00e1s cercana<\/p><\/li><\/ul>\t\t\t\t\t\t\t\t<\/div>\n\t\t\t\t<\/div>\n\t\t\t\t<div class=\"elementor-element elementor-element-3dfc7bd elementor-button-warning elementor-tablet-align-center elementor-widget elementor-widget-button\" data-id=\"3dfc7bd\" data-element_type=\"widget\" data-widget_type=\"button.default\">\n\t\t\t\t<div class=\"elementor-widget-container\">\n\t\t\t\t\t\t\t\t\t<div class=\"elementor-button-wrapper\">\n\t\t\t\t\t<a class=\"elementor-button elementor-button-link elementor-size-sm\" href=\"https:\/\/wa.me\/34634856365\" title=\"WhatsApp\" rel=\"noopener\">\n\t\t\t\t\t\t<span class=\"elementor-button-content-wrapper\">\n\t\t\t\t\t\t\t\t\t<span class=\"elementor-button-text\">RESERVAR VISITA GUIADA<\/span>\n\t\t\t\t\t<\/span>\n\t\t\t\t\t<\/a>\n\t\t\t\t<\/div>\n\t\t\t\t\t\t\t\t<\/div>\n\t\t\t\t<\/div>\n\t\t\t\t<\/div>\n\t\t\t\t\t<\/div>\n\t\t\t\t<\/div>\n\t\t\t\t<\/div>\n\t\t","protected":false},"excerpt":{"rendered":"<p>Visita Guiada al Generalife de Granada Disfruta de los jardines y palacios del Generalife El Generalife, conocido por sus espectaculares jardines y fuentes, fue la residencia de verano de los sultanes nazar\u00edes. Con nuestra visita guiada, descubrir\u00e1s la historia, la arquitectura y los secretos de este lugar \u00fanico. Pasea por sus jardines, contempla las vistas [&hellip;]<\/p>\n","protected":false},"author":2,"featured_media":0,"parent":0,"menu_order":0,"comment_status":"closed","ping_status":"closed","template":"","meta":{"_joinchat":[],"footnotes":""},"class_list":["post-746","page","type-page","status-publish","hentry"],"_links":{"self":[{"href":"https:\/\/www.spantour.com\/es\/wp-json\/wp\/v2\/pages\/746","targetHints":{"allow":["GET"]}}],"collection":[{"href":"https:\/\/www.spantour.com\/es\/wp-json\/wp\/v2\/pages"}],"about":[{"href":"https:\/\/www.spantour.com\/es\/wp-json\/wp\/v2\/types\/page"}],"author":[{"embeddable":true,"href":"https:\/\/www.spantour.com\/es\/wp-json\/wp\/v2\/users\/2"}],"replies":[{"embeddable":true,"href":"https:\/\/www.spantour.com\/es\/wp-json\/wp\/v2\/comments?post=746"}],"version-history":[{"count":86,"href":"https:\/\/www.spantour.com\/es\/wp-json\/wp\/v2\/pages\/746\/revisions"}],"predecessor-version":[{"id":2174,"href":"https:\/\/www.spantour.com\/es\/wp-json\/wp\/v2\/pages\/746\/revisions\/2174"}],"wp:attachment":[{"href":"https:\/\/www.spantour.com\/es\/wp-json\/wp\/v2\/media?parent=746"}],"curies":[{"name":"wp","href":"https:\/\/api.w.org\/{rel}","templated":true}]}}