{"id":774,"date":"2025-04-28T08:22:59","date_gmt":"2025-04-28T07:22:59","guid":{"rendered":"https:\/\/www.spantour.com\/?page_id=774"},"modified":"2025-05-28T12:29:59","modified_gmt":"2025-05-28T11:29:59","slug":"visita-guiada-albaicin","status":"publish","type":"page","link":"https:\/\/www.spantour.com\/es\/visita-guiada-albaicin","title":{"rendered":"Visita guiada al Albaic\u00edn de Granada"},"content":{"rendered":"\t\t<div data-elementor-type=\"wp-page\" data-elementor-id=\"774\" class=\"elementor elementor-774\" data-elementor-post-type=\"page\">\n\t\t\t\t<div class=\"elementor-element elementor-element-6182d3f e-flex e-con-boxed e-con e-parent\" data-id=\"6182d3f\" data-element_type=\"container\" data-settings=\"{&quot;background_background&quot;:&quot;classic&quot;}\">\n\t\t\t\t\t<div class=\"e-con-inner\">\n\t\t<div class=\"elementor-element elementor-element-35ea759 e-con-full e-flex e-con e-child\" data-id=\"35ea759\" data-element_type=\"container\">\n\t\t\t\t<div class=\"elementor-element elementor-element-220d92e elementor-widget elementor-widget-heading\" data-id=\"220d92e\" data-element_type=\"widget\" data-widget_type=\"heading.default\">\n\t\t\t\t<div class=\"elementor-widget-container\">\n\t\t\t\t\t<h1 class=\"elementor-heading-title elementor-size-default\">Visita Guiada al Albaic\u00edn<\/h1>\t\t\t\t<\/div>\n\t\t\t\t<\/div>\n\t\t\t\t<div class=\"elementor-element elementor-element-1cc52c1 elementor-widget elementor-widget-heading\" data-id=\"1cc52c1\" data-element_type=\"widget\" data-widget_type=\"heading.default\">\n\t\t\t\t<div class=\"elementor-widget-container\">\n\t\t\t\t\t<h2 class=\"elementor-heading-title elementor-size-default\">Descubre el Albaic\u00edn y sus secretos<\/h2>\t\t\t\t<\/div>\n\t\t\t\t<\/div>\n\t\t\t\t<div class=\"elementor-element elementor-element-1da03c4 elementor-widget elementor-widget-text-editor\" data-id=\"1da03c4\" data-element_type=\"widget\" data-widget_type=\"text-editor.default\">\n\t\t\t\t<div class=\"elementor-widget-container\">\n\t\t\t\t\t\t\t\t\t<p>Acomp\u00e1\u00f1ame a descubrir uno de los barrios m\u00e1s emblem\u00e1ticos de <strong>Granada<\/strong>: el <strong>Albaic\u00edn<\/strong>. En este <strong>tour guiado<\/strong>, caminar\u00e1s por sus estrechas calles, llenas de historia, cultura y arquitectura morisca. Te llevar\u00e9 por los rincones m\u00e1s antiguos, desde las vistas espectaculares de la Alhambra hasta los patios secretos de la antigua medina, para que entiendas la verdadera esencia del Albaic\u00edn y su importancia en la historia de Granada.<\/p>\t\t\t\t\t\t\t\t<\/div>\n\t\t\t\t<\/div>\n\t\t\t\t<div class=\"elementor-element elementor-element-be93b37 elementor-widget elementor-widget-button\" data-id=\"be93b37\" data-element_type=\"widget\" data-widget_type=\"button.default\">\n\t\t\t\t<div class=\"elementor-widget-container\">\n\t\t\t\t\t\t\t\t\t<div class=\"elementor-button-wrapper\">\n\t\t\t\t\t<a class=\"elementor-button elementor-button-link elementor-size-sm\" href=\"\/es\/contacto\" title=\"Contacto\">\n\t\t\t\t\t\t<span class=\"elementor-button-content-wrapper\">\n\t\t\t\t\t\t\t\t\t<span class=\"elementor-button-text\">RESERVA AHORA<\/span>\n\t\t\t\t\t<\/span>\n\t\t\t\t\t<\/a>\n\t\t\t\t<\/div>\n\t\t\t\t\t\t\t\t<\/div>\n\t\t\t\t<\/div>\n\t\t\t\t<\/div>\n\t\t<div class=\"elementor-element elementor-element-6125bfd e-con-full elementor-hidden-tablet elementor-hidden-mobile e-flex e-con e-child\" data-id=\"6125bfd\" data-element_type=\"container\">\n\t\t\t\t<\/div>\n\t\t\t\t\t<\/div>\n\t\t\t\t<\/div>\n\t\t<div class=\"elementor-element elementor-element-f1d887e e-flex e-con-boxed e-con e-parent\" data-id=\"f1d887e\" data-element_type=\"container\" data-settings=\"{&quot;background_background&quot;:&quot;classic&quot;}\">\n\t\t\t\t\t<div class=\"e-con-inner\">\n\t\t<div class=\"elementor-element elementor-element-e389d04 e-con-full elementor-hidden-mobile e-flex e-con e-child\" data-id=\"e389d04\" data-element_type=\"container\" data-settings=\"{&quot;background_background&quot;:&quot;classic&quot;}\">\n\t\t\t\t<\/div>\n\t\t<div class=\"elementor-element elementor-element-a486af6 e-con-full e-flex e-con e-child\" data-id=\"a486af6\" data-element_type=\"container\">\n\t\t\t\t<div class=\"elementor-element elementor-element-3437bee elementor-widget elementor-widget-heading\" data-id=\"3437bee\" data-element_type=\"widget\" data-widget_type=\"heading.default\">\n\t\t\t\t<div class=\"elementor-widget-container\">\n\t\t\t\t\t<h2 class=\"elementor-heading-title elementor-size-default\">Tour por el Albaic\u00edn con un gu\u00eda local<\/h2>\t\t\t\t<\/div>\n\t\t\t\t<\/div>\n\t\t\t\t<div class=\"elementor-element elementor-element-82e78a2 elementor-widget elementor-widget-text-editor\" data-id=\"82e78a2\" data-element_type=\"widget\" data-widget_type=\"text-editor.default\">\n\t\t\t\t<div class=\"elementor-widget-container\">\n\t\t\t\t\t\t\t\t\t<p>En nuestra <strong>visita guiada<\/strong>, no solo caminar\u00e1s por sus calles empedradas, sino que descubrir\u00e1s la <strong>historia<\/strong>, los <strong>secretos<\/strong> y las <strong>leyendas<\/strong> que hacen de este barrio uno de los m\u00e1s emblem\u00e1ticos de <strong>Granada<\/strong>. Te llevar\u00e9 a los lugares con m\u00e1s historia y te explicar\u00e9 c\u00f3mo cada rinc\u00f3n refleja la huella de su pasado morisco. Gracias a un <strong>gu\u00eda experto<\/strong>, vivir\u00e1s una experiencia \u00fanica en el <strong>Albaic\u00edn<\/strong>, entendiendo no solo la belleza del lugar, sino tambi\u00e9n su profunda conexi\u00f3n con la cultura y las tradiciones granadinas.<\/p>\t\t\t\t\t\t\t\t<\/div>\n\t\t\t\t<\/div>\n\t\t<div class=\"elementor-element elementor-element-5105cdc e-con-full e-flex e-con e-child\" data-id=\"5105cdc\" data-element_type=\"container\">\n\t\t\t\t<div class=\"elementor-element elementor-element-1db7e59 elementor-widget__width-initial elementor-view-default elementor-position-top elementor-mobile-position-top elementor-widget elementor-widget-icon-box\" data-id=\"1db7e59\" data-element_type=\"widget\" data-widget_type=\"icon-box.default\">\n\t\t\t\t<div class=\"elementor-widget-container\">\n\t\t\t\t\t\t\t<div class=\"elementor-icon-box-wrapper\">\n\n\t\t\t\t\t\t<div class=\"elementor-icon-box-icon\">\n\t\t\t\t<span  class=\"elementor-icon\">\n\t\t\t\t<svg xmlns=\"http:\/\/www.w3.org\/2000\/svg\" viewBox=\"0 0 50 50\" width=\"50px\" height=\"50px\"><path d=\"M 25 2 C 12.309295 2 2 12.309295 2 25 C 2 37.690705 12.309295 48 25 48 C 37.690705 48 48 37.690705 48 25 C 48 12.309295 37.690705 2 25 2 z M 25 4 C 36.609824 4 46 13.390176 46 25 C 46 36.609824 36.609824 46 25 46 C 13.390176 46 4 36.609824 4 25 C 4 13.390176 13.390176 4 25 4 z M 37.039062 10.990234 A 1.0001 1.0001 0 0 0 36.265625 11.322266 L 26.183594 22.244141 A 3 3 0 0 0 25 22 A 3 3 0 0 0 22 25 A 3 3 0 0 0 25 28 A 3 3 0 0 0 25.5 27.958984 L 29.125 34.486328 A 1.0010694 1.0010694 0 1 0 30.875 33.513672 L 27.246094 26.984375 A 3 3 0 0 0 28 25 A 3 3 0 0 0 27.652344 23.599609 L 37.734375 12.677734 A 1.0001 1.0001 0 0 0 37.039062 10.990234 z\"><\/path><\/svg>\t\t\t\t<\/span>\n\t\t\t<\/div>\n\t\t\t\n\t\t\t\t\t\t<div class=\"elementor-icon-box-content\">\n\n\t\t\t\t\t\t\t\t\t<p class=\"elementor-icon-box-title\">\n\t\t\t\t\t\t<span  >\n\t\t\t\t\t\t\tDuraci\u00f3n\t\t\t\t\t\t<\/span>\n\t\t\t\t\t<\/p>\n\t\t\t\t\n\t\t\t\t\t\t\t\t\t<p class=\"elementor-icon-box-description\">\n\t\t\t\t\t\t3 horas\t\t\t\t\t<\/p>\n\t\t\t\t\n\t\t\t<\/div>\n\t\t\t\n\t\t<\/div>\n\t\t\t\t\t\t<\/div>\n\t\t\t\t<\/div>\n\t\t\t\t<div class=\"elementor-element elementor-element-5509183 elementor-widget__width-initial elementor-view-default elementor-position-top elementor-mobile-position-top elementor-widget elementor-widget-icon-box\" data-id=\"5509183\" data-element_type=\"widget\" data-widget_type=\"icon-box.default\">\n\t\t\t\t<div class=\"elementor-widget-container\">\n\t\t\t\t\t\t\t<div class=\"elementor-icon-box-wrapper\">\n\n\t\t\t\t\t\t<div class=\"elementor-icon-box-icon\">\n\t\t\t\t<span  class=\"elementor-icon\">\n\t\t\t\t<svg xmlns=\"http:\/\/www.w3.org\/2000\/svg\" viewBox=\"0 0 50 50\" width=\"50px\" height=\"50px\"><path d=\"M 13 0 C 7.976563 0 4.878906 0.496094 3 1.03125 C 2.058594 1.296875 1.421875 1.585938 1 1.8125 C 0.863281 1.886719 0.789063 1.964844 0.6875 2.03125 C 0.664063 2.046875 0.617188 2.046875 0.59375 2.0625 C 0.488281 2.117188 0.390625 2.191406 0.3125 2.28125 C 0.300781 2.28125 0.292969 2.28125 0.28125 2.28125 L 0.25 2.34375 C 0.214844 2.371094 0.183594 2.402344 0.15625 2.4375 L 0 2.5625 L 0 2.8125 C -0.00390625 2.855469 -0.00390625 2.894531 0 2.9375 L 0 49 C -0.00390625 49.359375 0.183594 49.695313 0.496094 49.878906 C 0.808594 50.058594 1.191406 50.058594 1.503906 49.878906 C 1.816406 49.695313 2.003906 49.359375 2 49 L 2 30.65625 C 2.417969 30.488281 3.046875 30.253906 4.1875 29.96875 C 6.09375 29.488281 9.015625 29 13 29 C 16.902344 29 19.796875 29.960938 23.3125 30.96875 C 26.828125 31.976563 30.921875 33 37 33 C 44.023438 33 49.5 29.875 49.5 29.875 L 50 29.59375 L 50 2.3125 L 48.53125 3.125 C 47.710938 3.570313 43.011719 6 37 6 C 32.222656 6 28.890625 4.59375 25.375 3.09375 C 21.859375 1.59375 18.160156 0 13 0 Z M 13 2 C 17.753906 2 21.078125 3.40625 24.59375 4.90625 C 28.109375 6.40625 31.824219 8 37 8 C 42.382813 8 46.113281 6.40625 48 5.5 L 48 28.34375 C 47.316406 28.710938 42.949219 31 37 31 C 31.148438 31 27.3125 30.023438 23.84375 29.03125 C 20.375 28.039063 17.230469 27 13 27 C 8.851563 27 5.78125 27.511719 3.71875 28.03125 C 2.605469 28.3125 2.53125 28.414063 2 28.625 L 2 3.53125 C 2.285156 3.382813 2.773438 3.191406 3.5625 2.96875 C 5.203125 2.503906 8.109375 2 13 2 Z\"><\/path><\/svg>\t\t\t\t<\/span>\n\t\t\t<\/div>\n\t\t\t\n\t\t\t\t\t\t<div class=\"elementor-icon-box-content\">\n\n\t\t\t\t\t\t\t\t\t<p class=\"elementor-icon-box-title\">\n\t\t\t\t\t\t<span  >\n\t\t\t\t\t\t\tIdiomas\t\t\t\t\t\t<\/span>\n\t\t\t\t\t<\/p>\n\t\t\t\t\n\t\t\t\t\t\t\t\t\t<p class=\"elementor-icon-box-description\">\n\t\t\t\t\t\t\u00c1rabe, Ingl\u00e9s, Espa\u00f1ol\t\t\t\t\t<\/p>\n\t\t\t\t\n\t\t\t<\/div>\n\t\t\t\n\t\t<\/div>\n\t\t\t\t\t\t<\/div>\n\t\t\t\t<\/div>\n\t\t\t\t<div class=\"elementor-element elementor-element-51625e3 elementor-button-warning elementor-align-left elementor-widget__width-initial elementor-mobile-align-center elementor-widget elementor-widget-button\" data-id=\"51625e3\" data-element_type=\"widget\" data-widget_type=\"button.default\">\n\t\t\t\t<div class=\"elementor-widget-container\">\n\t\t\t\t\t\t\t\t\t<div class=\"elementor-button-wrapper\">\n\t\t\t\t\t<a class=\"elementor-button elementor-button-link elementor-size-sm\" href=\"https:\/\/wa.me\/34634856365\" title=\"WhatsApp\" rel=\"noopener\">\n\t\t\t\t\t\t<span class=\"elementor-button-content-wrapper\">\n\t\t\t\t\t\t\t\t\t<span class=\"elementor-button-text\">RESERVAR VISITA<\/span>\n\t\t\t\t\t<\/span>\n\t\t\t\t\t<\/a>\n\t\t\t\t<\/div>\n\t\t\t\t\t\t\t\t<\/div>\n\t\t\t\t<\/div>\n\t\t\t\t<\/div>\n\t\t\t\t<\/div>\n\t\t\t\t\t<\/div>\n\t\t\t\t<\/div>\n\t\t<div class=\"elementor-element elementor-element-74fa865 e-flex e-con-boxed e-con e-parent\" data-id=\"74fa865\" data-element_type=\"container\" data-settings=\"{&quot;background_background&quot;:&quot;classic&quot;}\">\n\t\t\t\t\t<div class=\"e-con-inner\">\n\t\t<div class=\"elementor-element elementor-element-e03f540 e-con-full e-flex e-con e-child\" data-id=\"e03f540\" data-element_type=\"container\">\n\t\t\t\t<div class=\"elementor-element elementor-element-43f2876 elementor-widget elementor-widget-image\" data-id=\"43f2876\" data-element_type=\"widget\" data-widget_type=\"image.default\">\n\t\t\t\t<div class=\"elementor-widget-container\">\n\t\t\t\t\t\t\t\t\t\t\t\t\t\t\t<img fetchpriority=\"high\" decoding=\"async\" width=\"731\" height=\"771\" src=\"https:\/\/www.spantour.com\/wp-content\/uploads\/2025\/05\/visita-guiada-albaicin-granada-spantour-2.webp\" class=\"attachment-large size-large wp-image-2004\" alt=\"Visita guiada por el Albaic\u00edn de Granada y el mercado | Spantour\" srcset=\"https:\/\/www.spantour.com\/wp-content\/uploads\/2025\/05\/visita-guiada-albaicin-granada-spantour-2.webp 731w, https:\/\/www.spantour.com\/wp-content\/uploads\/2025\/05\/visita-guiada-albaicin-granada-spantour-2-284x300.webp 284w\" sizes=\"(max-width: 731px) 100vw, 731px\" \/>\t\t\t\t\t\t\t\t\t\t\t\t\t\t\t<\/div>\n\t\t\t\t<\/div>\n\t\t\t\t<\/div>\n\t\t<div class=\"elementor-element elementor-element-7e43d82 e-con-full e-flex e-con e-child\" data-id=\"7e43d82\" data-element_type=\"container\">\n\t\t\t\t<div class=\"elementor-element elementor-element-860958e elementor-widget elementor-widget-heading\" data-id=\"860958e\" data-element_type=\"widget\" data-widget_type=\"heading.default\">\n\t\t\t\t<div class=\"elementor-widget-container\">\n\t\t\t\t\t<h2 class=\"elementor-heading-title elementor-size-default\">Qu\u00e9 incluye la visita guiada a la Alhambra<\/h2>\t\t\t\t<\/div>\n\t\t\t\t<\/div>\n\t\t\t\t<div class=\"elementor-element elementor-element-f469261 elementor-widget elementor-widget-text-editor\" data-id=\"f469261\" data-element_type=\"widget\" data-widget_type=\"text-editor.default\">\n\t\t\t\t<div class=\"elementor-widget-container\">\n\t\t\t\t\t\t\t\t\t<p data-start=\"146\" data-end=\"442\">Con nuestra <strong>visita guiada al Albaic\u00edn de Granada<\/strong>, disfrutar\u00e1s de un recorrido completo por sus espacios m\u00e1s emblem\u00e1ticos y llenos de historia. No solo pasear\u00e1s por sus calles y rincones m\u00e1s bonitos, tambi\u00e9n conocer\u00e1s las historias, curiosidades y secretos que solo un gu\u00eda experto puede contarte.<\/p><p data-start=\"444\" data-end=\"456\"><strong data-start=\"444\" data-end=\"456\">Incluye:<\/strong><\/p><ul data-start=\"458\" data-end=\"693\"><li data-start=\"458\" data-end=\"575\"><p data-start=\"460\" data-end=\"575\">Acceso y recorrido por El Ba\u00f1uelo, Palacio Dar al-Horra, el Mercado Alcaicer\u00eda y la Alh\u00f3ndiga (Corral del Carb\u00f3n)<\/p><\/li><li data-start=\"576\" data-end=\"603\"><p data-start=\"578\" data-end=\"603\">Gu\u00eda oficial acreditado<\/p><\/li><li data-start=\"604\" data-end=\"639\"><p data-start=\"606\" data-end=\"639\">Tour en \u00e1rabe, ingl\u00e9s o espa\u00f1ol<\/p><\/li><li data-start=\"640\" data-end=\"693\"><p data-start=\"642\" data-end=\"693\">Grupos reducidos para una experiencia m\u00e1s cercana<\/p><\/li><\/ul>\t\t\t\t\t\t\t\t<\/div>\n\t\t\t\t<\/div>\n\t\t\t\t<div class=\"elementor-element elementor-element-d9d7815 elementor-button-warning elementor-tablet-align-center elementor-widget elementor-widget-button\" data-id=\"d9d7815\" data-element_type=\"widget\" data-widget_type=\"button.default\">\n\t\t\t\t<div class=\"elementor-widget-container\">\n\t\t\t\t\t\t\t\t\t<div class=\"elementor-button-wrapper\">\n\t\t\t\t\t<a class=\"elementor-button elementor-button-link elementor-size-sm\" href=\"https:\/\/wa.me\/34634856365\" title=\"WhatsApp\" rel=\"noopener\">\n\t\t\t\t\t\t<span class=\"elementor-button-content-wrapper\">\n\t\t\t\t\t\t\t\t\t<span class=\"elementor-button-text\">RESERVAR VISITA GUIADA<\/span>\n\t\t\t\t\t<\/span>\n\t\t\t\t\t<\/a>\n\t\t\t\t<\/div>\n\t\t\t\t\t\t\t\t<\/div>\n\t\t\t\t<\/div>\n\t\t\t\t<\/div>\n\t\t\t\t\t<\/div>\n\t\t\t\t<\/div>\n\t\t<div class=\"elementor-element elementor-element-9e5b7ce e-flex e-con-boxed e-con e-parent\" data-id=\"9e5b7ce\" data-element_type=\"container\" data-settings=\"{&quot;background_background&quot;:&quot;classic&quot;}\">\n\t\t\t\t\t<div class=\"e-con-inner\">\n\t\t<div class=\"elementor-element elementor-element-391b8f9 e-con-full e-flex e-con e-child\" data-id=\"391b8f9\" data-element_type=\"container\">\n\t\t\t\t<div class=\"elementor-element elementor-element-ec7c8c9 elementor-widget elementor-widget-image\" data-id=\"ec7c8c9\" data-element_type=\"widget\" data-widget_type=\"image.default\">\n\t\t\t\t<div class=\"elementor-widget-container\">\n\t\t\t\t\t\t\t\t\t\t\t\t\t\t\t<img decoding=\"async\" width=\"711\" height=\"398\" src=\"https:\/\/www.spantour.com\/wp-content\/uploads\/2025\/04\/plaza-nueva.avif\" class=\"attachment-large size-large wp-image-785\" alt=\"Calle Plaza Nueva Tour Albaic\u00edn - Vista del Albaic\u00edn desde la Plaza Nueva en Granada.\" srcset=\"https:\/\/www.spantour.com\/wp-content\/uploads\/2025\/04\/plaza-nueva.avif 711w, https:\/\/www.spantour.com\/wp-content\/uploads\/2025\/04\/plaza-nueva-300x168.avif 300w\" sizes=\"(max-width: 711px) 100vw, 711px\" \/>\t\t\t\t\t\t\t\t\t\t\t\t\t\t\t<\/div>\n\t\t\t\t<\/div>\n\t\t\t\t<\/div>\n\t\t<div class=\"elementor-element elementor-element-295c17f e-con-full e-flex e-con e-child\" data-id=\"295c17f\" data-element_type=\"container\">\n\t\t\t\t<div class=\"elementor-element elementor-element-daa5943 elementor-widget elementor-widget-heading\" data-id=\"daa5943\" data-element_type=\"widget\" data-widget_type=\"heading.default\">\n\t\t\t\t<div class=\"elementor-widget-container\">\n\t\t\t\t\t<h2 class=\"elementor-heading-title elementor-size-default\">Tour personalizado<\/h2>\t\t\t\t<\/div>\n\t\t\t\t<\/div>\n\t\t\t\t<div class=\"elementor-element elementor-element-cd81587 elementor-widget elementor-widget-text-editor\" data-id=\"cd81587\" data-element_type=\"widget\" data-widget_type=\"text-editor.default\">\n\t\t\t\t<div class=\"elementor-widget-container\">\n\t\t\t\t\t\t\t\t\t<p>Si tienes intereses espec\u00edficos, podemos personalizar tu recorrido para enfocarnos en los aspectos que m\u00e1s te apasionen, ya sea la arquitectura, la historia o los rincones secretos del Albaic\u00edn<\/p>\t\t\t\t\t\t\t\t<\/div>\n\t\t\t\t<\/div>\n\t\t\t\t<div class=\"elementor-element elementor-element-03d262e elementor-button-warning elementor-tablet-align-center elementor-widget elementor-widget-button\" data-id=\"03d262e\" data-element_type=\"widget\" data-widget_type=\"button.default\">\n\t\t\t\t<div class=\"elementor-widget-container\">\n\t\t\t\t\t\t\t\t\t<div class=\"elementor-button-wrapper\">\n\t\t\t\t\t<a class=\"elementor-button elementor-button-link elementor-size-sm\" href=\"https:\/\/wa.me\/34634856365\" title=\"WhatsApp\" rel=\"noopener\">\n\t\t\t\t\t\t<span class=\"elementor-button-content-wrapper\">\n\t\t\t\t\t\t\t\t\t<span class=\"elementor-button-text\">RESERVAR<\/span>\n\t\t\t\t\t<\/span>\n\t\t\t\t\t<\/a>\n\t\t\t\t<\/div>\n\t\t\t\t\t\t\t\t<\/div>\n\t\t\t\t<\/div>\n\t\t\t\t<\/div>\n\t\t\t\t\t<\/div>\n\t\t\t\t<\/div>\n\t\t\t\t<\/div>\n\t\t","protected":false},"excerpt":{"rendered":"<p>Visita Guiada al Albaic\u00edn Descubre el Albaic\u00edn y sus secretos Acomp\u00e1\u00f1ame a descubrir uno de los barrios m\u00e1s emblem\u00e1ticos de Granada: el Albaic\u00edn. En este tour guiado, caminar\u00e1s por sus estrechas calles, llenas de historia, cultura y arquitectura morisca. Te llevar\u00e9 por los rincones m\u00e1s antiguos, desde las vistas espectaculares de la Alhambra hasta los [&hellip;]<\/p>\n","protected":false},"author":2,"featured_media":0,"parent":0,"menu_order":0,"comment_status":"closed","ping_status":"closed","template":"","meta":{"_joinchat":[],"footnotes":""},"class_list":["post-774","page","type-page","status-publish","hentry"],"_links":{"self":[{"href":"https:\/\/www.spantour.com\/es\/wp-json\/wp\/v2\/pages\/774","targetHints":{"allow":["GET"]}}],"collection":[{"href":"https:\/\/www.spantour.com\/es\/wp-json\/wp\/v2\/pages"}],"about":[{"href":"https:\/\/www.spantour.com\/es\/wp-json\/wp\/v2\/types\/page"}],"author":[{"embeddable":true,"href":"https:\/\/www.spantour.com\/es\/wp-json\/wp\/v2\/users\/2"}],"replies":[{"embeddable":true,"href":"https:\/\/www.spantour.com\/es\/wp-json\/wp\/v2\/comments?post=774"}],"version-history":[{"count":58,"href":"https:\/\/www.spantour.com\/es\/wp-json\/wp\/v2\/pages\/774\/revisions"}],"predecessor-version":[{"id":2012,"href":"https:\/\/www.spantour.com\/es\/wp-json\/wp\/v2\/pages\/774\/revisions\/2012"}],"wp:attachment":[{"href":"https:\/\/www.spantour.com\/es\/wp-json\/wp\/v2\/media?parent=774"}],"curies":[{"name":"wp","href":"https:\/\/api.w.org\/{rel}","templated":true}]}}